{"id":47,"date":"2022-10-10T17:53:41","date_gmt":"2022-10-10T15:53:41","guid":{"rendered":"http:\/\/atprando.org\/?page_id=47"},"modified":"2025-02-16T09:56:41","modified_gmt":"2025-02-16T08:56:41","slug":"un-peu-dhistoire","status":"publish","type":"page","link":"https:\/\/atprando.org\/?page_id=47","title":{"rendered":"Un peu d&rsquo;histoire"},"content":{"rendered":"\n<p>En 1972, le 15 juillet, la premi\u00e8re sortie de l\u2019<strong>ATP <\/strong>a \u00e9t\u00e9 conduite par Robert Chausse, au Lingas, dans le Massif de l\u2019Aigoual, ceci il y a donc plus de 40 ans. L\u2019association avait en effet \u00e9t\u00e9 fond\u00e9e, en janvier de la m\u00eame ann\u00e9e, par le Docteur Paul Cabouat, un pionnier des GR (Chemin de Grande Randonn\u00e9e).<\/p>\n\n\n\n<p>On ne parlait pas, \u00e0 l\u2019\u00e9poque, de randonneurs mais d\u2019excursionnistes, de touristes p\u00e9destres, d\u2019o\u00f9 le nom pittoresque donn\u00e9e \u00e0 l\u2019<strong><em>ATP : Association du Tourisme P\u00e9destre<\/em><\/strong>.<\/p>\n\n\n\n<p>Auparavant existait le Comit\u00e9 des sentiers de Grande randonn\u00e9e, cr\u00e9\u00e9 dans la r\u00e9gion par Paul Cabouat le 15 mars 1955. Il regroupait d\u00e9j\u00e0 des randonneurs qui, en 1972, ont constitu\u00e9 le noyau de l\u2019ATP. L&rsquo;association serait, pour certains,donc plus vieille que ne l\u2019indique son \u00ab acte de bapt\u00eame \u00bb.<\/p>\n\n\n\n<p>Le mieux, pour \u00e9voquer le souvenir de Paul Cabouat, est de lui donner la parole : \u00ab Apr\u00e8s la guerre, je veux dire la premi\u00e8re guerre mondiale, je cherchais \u00e0 m\u2019installer pour exercer ma profession de m\u00e9decin. Comme j\u2019arrivais un soir \u00e0 N\u00eemes par la route, je vis du haut d\u2019une colline se d\u00e9tacher \u00e0 l\u2019horizon le profil bleut\u00e9 des montagnes. C\u2019\u00e9tait vers le Nord le Mont Loz\u00e8re et plus \u00e0 l\u2019Ouest, les C\u00e9vennes domin\u00e9es par la croupe du Mont Aigoual. C\u2019est peut-\u00eatre ce spectacle qui fixa mon destin. Pendant 20 ans j\u2019ai parcouru en tous sens ces massifs montagneux sans m\u2019en lasser jamais \u00bb.<\/p>\n\n\n\n<p>Avec ses amis Chausse, Lamour, N\u00e8gre, Pallier, Paul Cabouat va pendant des ann\u00e9es tracer et baliser le GR7, qui va du Ballon d\u2019Alsace \u00e0 la Montagne Noire et le GR6 qui descend le long de la rive droite du Rh\u00f4ne. \u00ab Il reste beaucoup \u00e0 faire, mais nous sommes rassur\u00e9s pour l\u2019avenir. La randonn\u00e9e, en pleine expansion, est en de bonnes mains, puisqu\u2019elle est entre celles de la jeunesse \u00bb. En effet, de 1980 \u00e0 1995, sa fille Fran\u00e7oise Bosc, sera, avec constance et gentillesse, pr\u00e9sidente de l\u2019<strong>ATP<\/strong>, avant de passer le relais \u00e0 son gendre Michel Boisson.<\/p>\n\n\n\n<p>Les grandes dates comm\u00e9moratives de la vie de l\u2019<strong>ATP <\/strong>sont les suivantes :<\/p>\n\n\n\n<ul class=\"wp-block-list\">\n<li>En 1992, pour les 20 ans de sa cr\u00e9ation, au Serre de Lacan au dessus de Saint-Germain-de-Calberte, avec une randonn\u00e9e au Mont Mars au milieu des chenilles processionnaires\u2026<\/li>\n\n\n\n<li>en 1997, les 25 ans ont \u00e9t\u00e9 c\u00e9l\u00e9br\u00e9s lors d\u2019un week-end rallye automobile \u00e0 Camprieu, qui avait \u00e9t\u00e9 organis\u00e9 par Michel Boisson, avec la participation de Pierre Baud et Jean-Pierre Leenhardt. Des d\u00e9guisements, hauts en couleurs avaient \u00e9t\u00e9 exhib\u00e9s, dont se souviennent les plus anciens de nos membres.<\/li>\n\n\n\n<li>les 30 ans ont \u00e9t\u00e9 organis\u00e9s en 2002 \u00e0 Al\u00e9nya, en Roussillon, avec une sortie sur la cr\u00eate des Alb\u00e8res \u00e0 la fronti\u00e8re espagnole et le sentier douanier \u00e0 Collioure, suivie de danses de la Sardane,<\/li>\n\n\n\n<li>pour les 35 ans, c\u2019est Carry-le-Rouet qui avait \u00e9t\u00e9 choisi, avec ses pin\u00e8des, son sentier c\u00f4tier et d\u00e9j\u00e0 un moment de navigation au large de la c\u00f4te bleue,<\/li>\n\n\n\n<li>enfin 100 personnes se sont retrouv\u00e9es, les 2 et 3 juin 2012 au Lazaret de S\u00e8te, pour c\u00e9l\u00e9brer le 40\u00b0 anniversaire dans une ambiance marine, m\u00eame si le temps consacr\u00e9 \u00e0 la navigation s\u2019est pass\u00e9, sans risque, sur l\u2019\u00c9tang de Thau au milieu des parcs \u00e0 huitres.<\/li>\n<\/ul>\n\n\n\n<p>A noter enfin que l\u2019effectif de l\u2019<strong>ATP <\/strong>a culmin\u00e9 en 1980 aux environs de 200 membres et qu\u2019il oscille, depuis 20 ans, entre 140 et 150 membres. La COVID a eu raison de notre effectif. Aujourd&rsquo;hui nous sommes un peu plus de 100 membres.<\/p>\n","protected":false},"excerpt":{"rendered":"<p>En 1972, le 15 juillet, la premi\u00e8re sortie de l\u2019ATP a \u00e9t\u00e9 conduite par Robert Chausse, au Lingas, dans le Massif de l\u2019Aigoual, ceci il y a donc plus de 40 ans. L\u2019association avait en effet \u00e9t\u00e9 fond\u00e9e, en janvier de la m\u00eame ann\u00e9e, par le Docteur Paul Cabouat, un [&hellip;]<\/p>\n","protected":false},"author":2,"featured_media":0,"parent":0,"menu_order":0,"comment_status":"closed","ping_status":"closed","template":"","meta":{"footnotes":""},"class_list":["post-47","page","type-page","status-publish","hentry"],"_links":{"self":[{"href":"https:\/\/atprando.org\/index.php?rest_route=\/wp\/v2\/pages\/47","targetHints":{"allow":["GET"]}}],"collection":[{"href":"https:\/\/atprando.org\/index.php?rest_route=\/wp\/v2\/pages"}],"about":[{"href":"https:\/\/atprando.org\/index.php?rest_route=\/wp\/v2\/types\/page"}],"author":[{"embeddable":true,"href":"https:\/\/atprando.org\/index.php?rest_route=\/wp\/v2\/users\/2"}],"replies":[{"embeddable":true,"href":"https:\/\/atprando.org\/index.php?rest_route=%2Fwp%2Fv2%2Fcomments&post=47"}],"version-history":[{"count":3,"href":"https:\/\/atprando.org\/index.php?rest_route=\/wp\/v2\/pages\/47\/revisions"}],"predecessor-version":[{"id":1356,"href":"https:\/\/atprando.org\/index.php?rest_route=\/wp\/v2\/pages\/47\/revisions\/1356"}],"wp:attachment":[{"href":"https:\/\/atprando.org\/index.php?rest_route=%2Fwp%2Fv2%2Fmedia&parent=47"}],"curies":[{"name":"wp","href":"https:\/\/api.w.org\/{rel}","templated":true}]}}