{"id":60,"date":"2022-10-12T19:09:53","date_gmt":"2022-10-12T17:09:53","guid":{"rendered":"http:\/\/atprando.org\/?page_id=60"},"modified":"2022-11-10T22:10:15","modified_gmt":"2022-11-10T21:10:15","slug":"consignes-de-securite","status":"publish","type":"page","link":"https:\/\/atprando.org\/?page_id=60","title":{"rendered":"Consignes de s\u00e9curit\u00e9"},"content":{"rendered":"\n<p>Rappel des consignes de s\u00e9curit\u00e9:<\/p>\n\n\n\n<p> Sur les routes et voies de circulation : se conformer au code de la route, pour circuler en groupe. Pour les travers\u00e9es de route attendre un regroupement et laisser l&rsquo;accompagnateur organiser et conduire lui-m\u00eame la man\u0153uvre.<\/p>\n\n\n\n<p>Pour la randonn\u00e9e elle-m\u00eame : L&rsquo;accompagnateur prend la t\u00eate, son coll\u00e8gue est en queue de peloton, un troisi\u00e8me larron \u00e9ventuel sert \u00e0 orienter \u00e0 chaque point singulier, notamment un croisement. Des regroupements sont op\u00e9r\u00e9s r\u00e9guli\u00e8rement pour que le peloton ne s&rsquo;\u00e9tale pas sur des kilom\u00e8tres. Des comptages r\u00e9guliers sont effectu\u00e9s, notamment \u00e0 l&rsquo;arriv\u00e9e aux voitures, le matin et le soir. Un bref compte rendu \u00e9crit est fait le soir au pr\u00e9sident. Les \u00e9quipements et tenues seront adapt\u00e9s au terrain et \u00e0 la m\u00e9t\u00e9o. Les num\u00e9ros de portable des accompagnateurs seront communiqu\u00e9s avant le d\u00e9part, voire un descriptif succinct de la randonn\u00e9e (imaginons que quelqu&rsquo;un appelle les secours et ne sache pas o\u00f9 il se trouve \u2026).<\/p>\n\n\n\n<ol class=\"wp-block-list\">\n<li>aux croisements la personne, en t\u00eate, attend l&rsquo;accompagnateur pour connaitre la voie, m\u00eame si celle-ci lui parait \u00e9vidente; quelqu&rsquo;un s&rsquo;assure que toute la colonne a pris la bonne direction<\/li>\n\n\n\n<li>un serre file est d\u00e9sign\u00e9 par l&rsquo;accompagnateur,<\/li>\n\n\n\n<li>il est souhaitable que les reconnaissances se fassent au moins \u00e0 deux personnes,<\/li>\n\n\n\n<li>noter le num\u00e9ro de mobile de l&rsquo;accompagnateur avant de se rendre au lieu de regroupement<\/li>\n\n\n\n<li>\u00e0 la fin de la rando l&rsquo;accompagnateur s&rsquo;assure que tous les v\u00e9hicules ont quitt\u00e9 le parking<\/li>\n<\/ol>\n","protected":false},"excerpt":{"rendered":"<p>Rappel des consignes de s\u00e9curit\u00e9: Sur les routes et voies de circulation : se conformer au code de la route, pour circuler en groupe. Pour les travers\u00e9es de route attendre un regroupement et laisser l&rsquo;accompagnateur organiser et conduire lui-m\u00eame la man\u0153uvre. Pour la randonn\u00e9e elle-m\u00eame : L&rsquo;accompagnateur prend la t\u00eate, [&hellip;]<\/p>\n","protected":false},"author":2,"featured_media":0,"parent":0,"menu_order":0,"comment_status":"closed","ping_status":"closed","template":"","meta":{"footnotes":""},"class_list":["post-60","page","type-page","status-publish","hentry"],"_links":{"self":[{"href":"https:\/\/atprando.org\/index.php?rest_route=\/wp\/v2\/pages\/60","targetHints":{"allow":["GET"]}}],"collection":[{"href":"https:\/\/atprando.org\/index.php?rest_route=\/wp\/v2\/pages"}],"about":[{"href":"https:\/\/atprando.org\/index.php?rest_route=\/wp\/v2\/types\/page"}],"author":[{"embeddable":true,"href":"https:\/\/atprando.org\/index.php?rest_route=\/wp\/v2\/users\/2"}],"replies":[{"embeddable":true,"href":"https:\/\/atprando.org\/index.php?rest_route=%2Fwp%2Fv2%2Fcomments&post=60"}],"version-history":[{"count":3,"href":"https:\/\/atprando.org\/index.php?rest_route=\/wp\/v2\/pages\/60\/revisions"}],"predecessor-version":[{"id":83,"href":"https:\/\/atprando.org\/index.php?rest_route=\/wp\/v2\/pages\/60\/revisions\/83"}],"wp:attachment":[{"href":"https:\/\/atprando.org\/index.php?rest_route=%2Fwp%2Fv2%2Fmedia&parent=60"}],"curies":[{"name":"wp","href":"https:\/\/api.w.org\/{rel}","templated":true}]}}